{"id":15914,"date":"2020-03-25T16:28:10","date_gmt":"2020-03-25T15:28:10","guid":{"rendered":"http:\/\/www.at-store.at\/?page_id=15914"},"modified":"2023-02-07T17:28:22","modified_gmt":"2023-02-07T16:28:22","slug":"impressum","status":"publish","type":"page","link":"http:\/\/www.at-store.at\/?page_id=15914","title":{"rendered":"IMPRESSUM"},"content":{"rendered":"\n<h2>Verantwortlich f\u00fcr den Inhalt<\/h2>\n\n\n\n<p>A\/T STORE . Mode in Linz<\/p>\n\n\n\n<p>Inhaber: Thomas St\u00f6bich<br>Hofgasse 11<br>4020 Linz<br> <br> Telefon: +43 732 220080<br> E-Mail: <a rel=\"noreferrer noopener\" href=\"mailto:hallo@diesellerie.com\" target=\"_blank\">info@at-store.at<\/a><br> <br> UID-Nr.: ATU70138415<\/p>\n\n\n\n<h2>Unternehmensgegenstand<\/h2>\n\n\n\n<p>Verkauf von Mode und Accessoires<\/p>\n\n\n\n<h2>Gewerberechtlicher Gesch\u00e4ftsf\u00fchrer<\/h2>\n\n\n\n<p>Thomas St\u00f6bich<\/p>\n\n\n\n<h2>Haftungsausschluss<\/h2>\n\n\n\n<p>Die Inhalte und Informationen auf dieser Website wurden \nmit&nbsp;gr\u00f6\u00dftm\u00f6glicher Sorgfalt zusammengestellt und gepr\u00fcft.&nbsp;Es besteht \njedoch kein Anspruch auf Vollst\u00e4ndigkeit, Aktualit\u00e4t&nbsp;und Richtigkeit der\n bereitgestellten Informationen.&nbsp;Eine Haftung wird von uns nicht \n\u00fcbernommen. Die Verantwortung&nbsp;f\u00fcr die Inhalte von verlinkten Seiten \nliegt ausschlie\u00dflich&nbsp;bei den Betreibern dieser Seiten.<\/p>\n\n\n\n<h2>Copyright<\/h2>\n\n\n\n<p>S\u00e4mtliche Daten, Texte, grafischen Elemente und Fotos&nbsp;sind \nurheberrechtlich gesch\u00fctzt. Die Verwendung, \nVer\u00e4nderung,&nbsp;Vervielf\u00e4ltigung, Verbreitung oder Ver\u00f6ffentlichung \u2013 auch \nvon&nbsp;Teilen \u2013 dieser Website ist nicht gestattet.<\/p>\n","protected":false},"excerpt":{"rendered":"<p>Verantwortlich f\u00fcr den Inhalt A\/T STORE . Mode in Linz Inhaber: Thomas St\u00f6bichHofgasse 114020 Linz Telefon: +43 732 220080 E-Mail: info@at-store.at UID-Nr.: ATU70138415 Unternehmensgegenstand Verkauf von Mode und Accessoires Gewerberechtlicher Gesch\u00e4ftsf\u00fchrer Thomas St\u00f6bich Haftungsausschluss Die Inhalte und Informationen auf dieser Website wurden mit&nbsp;gr\u00f6\u00dftm\u00f6glicher Sorgfalt zusammengestellt und gepr\u00fcft.&nbsp;Es besteht jedoch kein Anspruch auf Vollst\u00e4ndigkeit, Aktualit\u00e4t&nbsp;und Richtigkeit der bereitgestellten Informationen.&nbsp;Eine Haftung wird von uns nicht \u00fcbernommen. Die Verantwortung&nbsp;f\u00fcr die Inhalte von verlinkten Seiten liegt ausschlie\u00dflich&nbsp;bei den Betreibern dieser Seiten. Copyright S\u00e4mtliche Daten, Texte, grafischen Elemente und Fotos&nbsp;sind urheberrechtlich gesch\u00fctzt. Die Verwendung, Ver\u00e4nderung,&nbsp;Vervielf\u00e4ltigung, Verbreitung oder Ver\u00f6ffentlichung \u2013 auch von&nbsp;Teilen \u2013 dieser Website ist nicht gestattet.<\/p>\n","protected":false},"author":2,"featured_media":0,"parent":0,"menu_order":0,"comment_status":"closed","ping_status":"closed","template":"","meta":[],"_links":{"self":[{"href":"http:\/\/www.at-store.at\/index.php?rest_route=\/wp\/v2\/pages\/15914"}],"collection":[{"href":"http:\/\/www.at-store.at\/index.php?rest_route=\/wp\/v2\/pages"}],"about":[{"href":"http:\/\/www.at-store.at\/index.php?rest_route=\/wp\/v2\/types\/page"}],"author":[{"embeddable":true,"href":"http:\/\/www.at-store.at\/index.php?rest_route=\/wp\/v2\/users\/2"}],"replies":[{"embeddable":true,"href":"http:\/\/www.at-store.at\/index.php?rest_route=%2Fwp%2Fv2%2Fcomments&post=15914"}],"version-history":[{"count":3,"href":"http:\/\/www.at-store.at\/index.php?rest_route=\/wp\/v2\/pages\/15914\/revisions"}],"predecessor-version":[{"id":16355,"href":"http:\/\/www.at-store.at\/index.php?rest_route=\/wp\/v2\/pages\/15914\/revisions\/16355"}],"wp:attachment":[{"href":"http:\/\/www.at-store.at\/index.php?rest_route=%2Fwp%2Fv2%2Fmedia&parent=15914"}],"curies":[{"name":"wp","href":"https:\/\/api.w.org\/{rel}","templated":true}]}}