{"id":15593,"date":"2015-12-29T11:02:15","date_gmt":"2015-12-29T10:02:15","guid":{"rendered":"http:\/\/www.at-store.at\/?page_id=15593"},"modified":"2025-05-27T16:40:02","modified_gmt":"2025-05-27T14:40:02","slug":"ueber-uns","status":"publish","type":"page","link":"https:\/\/www.at-store.at\/?page_id=15593","title":{"rendered":"ABOUT"},"content":{"rendered":"\n<div class=\"wp-container-2 wp-block-group\"><div class=\"wp-block-group__inner-container\">\n<div class=\"wp-container-1 wp-block-group\"><div class=\"wp-block-group__inner-container\">\n<p style=\"text-align: center;\">A \/ T Store ist ein kleiner Laden, zentral gelegen in der Linzer Altstadt, gef\u00fchrt von Alina und Thomas.<\/p>\n<p style=\"text-align: center;\">Unser Angebot baut auf verantwortungsvoll produzierte Mode und Accessoires f\u00fcr Damen und Herren, entworfen von internationalen und heimischen Designern, liebevoll ausgew\u00e4hlt von uns f\u00fcr euch.<\/p>\n<p style=\"text-align: center;\">Frei nach dem Motto &#8218;WENIGER IST MEHR&#8216;, m\u00f6chten wir uns vor allem auf reduzierte, qualitativ hochwertige Kleidungsst\u00fccke und bewussten Modekonsum konzentrieren.<\/p>\n<p style=\"text-align: center;\">Minimal. Simple. Fair. Urban. Seasonless. Slow.<\/p>\n<\/div><\/div>\n<\/div><\/div>\n\n\n\n<div class=\"wp-block-image\"><figure class=\"aligncenter size-large\"><img loading=\"lazy\" width=\"768\" height=\"1024\" src=\"http:\/\/www.at-store.at\/wp-content\/uploads\/2020\/03\/89518845_861079080971862_9127499098268631040_n-1-768x1024.jpg\" alt=\"\" class=\"wp-image-15801\" srcset=\"https:\/\/www.at-store.at\/wp-content\/uploads\/2020\/03\/89518845_861079080971862_9127499098268631040_n-1-768x1024.jpg 768w, https:\/\/www.at-store.at\/wp-content\/uploads\/2020\/03\/89518845_861079080971862_9127499098268631040_n-1-225x300.jpg 225w, https:\/\/www.at-store.at\/wp-content\/uploads\/2020\/03\/89518845_861079080971862_9127499098268631040_n-1-600x800.jpg 600w, https:\/\/www.at-store.at\/wp-content\/uploads\/2020\/03\/89518845_861079080971862_9127499098268631040_n-1.jpg 828w\" sizes=\"(max-width: 768px) 100vw, 768px\" \/><figcaption><strong>A<\/strong> (lina) \/ <strong>T<\/strong> (homas)<\/figcaption><\/figure><\/div>\n","protected":false},"excerpt":{"rendered":"<p>A \/ T Store ist ein kleiner Laden, zentral gelegen in der Linzer Altstadt, gef\u00fchrt von Alina und Thomas. Unser Angebot baut auf verantwortungsvoll produzierte Mode und Accessoires f\u00fcr Damen und Herren, entworfen von internationalen und heimischen Designern, liebevoll ausgew\u00e4hlt von uns f\u00fcr euch. Frei nach dem Motto &#8218;WENIGER IST MEHR&#8216;, m\u00f6chten wir uns vor allem auf reduzierte, qualitativ hochwertige Kleidungsst\u00fccke und bewussten Modekonsum konzentrieren. Minimal. Simple. Fair. Urban. Seasonless. Slow.<\/p>\n","protected":false},"author":2,"featured_media":0,"parent":0,"menu_order":0,"comment_status":"closed","ping_status":"closed","template":"","meta":[],"_links":{"self":[{"href":"https:\/\/www.at-store.at\/index.php?rest_route=\/wp\/v2\/pages\/15593"}],"collection":[{"href":"https:\/\/www.at-store.at\/index.php?rest_route=\/wp\/v2\/pages"}],"about":[{"href":"https:\/\/www.at-store.at\/index.php?rest_route=\/wp\/v2\/types\/page"}],"author":[{"embeddable":true,"href":"https:\/\/www.at-store.at\/index.php?rest_route=\/wp\/v2\/users\/2"}],"replies":[{"embeddable":true,"href":"https:\/\/www.at-store.at\/index.php?rest_route=%2Fwp%2Fv2%2Fcomments&post=15593"}],"version-history":[{"count":19,"href":"https:\/\/www.at-store.at\/index.php?rest_route=\/wp\/v2\/pages\/15593\/revisions"}],"predecessor-version":[{"id":16358,"href":"https:\/\/www.at-store.at\/index.php?rest_route=\/wp\/v2\/pages\/15593\/revisions\/16358"}],"wp:attachment":[{"href":"https:\/\/www.at-store.at\/index.php?rest_route=%2Fwp%2Fv2%2Fmedia&parent=15593"}],"curies":[{"name":"wp","href":"https:\/\/api.w.org\/{rel}","templated":true}]}}